{"id":664,"date":"2025-03-05T09:52:19","date_gmt":"2025-03-05T09:52:19","guid":{"rendered":"https:\/\/studiothk.ch\/fuer-auslaendische-kunden\/"},"modified":"2025-12-02T09:58:43","modified_gmt":"2025-12-02T09:58:43","slug":"fuer-auslaendische-kunden","status":"publish","type":"page","link":"https:\/\/studiothk.ch\/de\/fuer-auslaendische-kunden\/","title":{"rendered":"F\u00fcr ausl\u00e4ndische Kunden"},"content":{"rendered":"\t\t<div data-elementor-type=\"wp-page\" data-elementor-id=\"664\" class=\"elementor elementor-664 elementor-47\" data-elementor-post-type=\"page\">\n\t\t\t\t<div class=\"elementor-element elementor-element-5e29928 e-flex e-con-boxed e-con e-parent\" data-id=\"5e29928\" data-element_type=\"container\" data-e-type=\"container\" data-settings=\"{&quot;background_background&quot;:&quot;classic&quot;}\">\n\t\t\t\t\t<div class=\"e-con-inner\">\n\t\t<div class=\"elementor-element elementor-element-912ed03 e-con-full e-flex e-con e-child\" data-id=\"912ed03\" data-element_type=\"container\" data-e-type=\"container\">\n\t\t\t\t<div class=\"elementor-element elementor-element-b6c724f elementor-invisible elementor-widget elementor-widget-heading\" data-id=\"b6c724f\" data-element_type=\"widget\" data-e-type=\"widget\" data-settings=\"{&quot;_animation&quot;:&quot;fadeInDown&quot;,&quot;_animation_delay&quot;:250}\" data-widget_type=\"heading.default\">\n\t\t\t\t<div class=\"elementor-widget-container\">\n\t\t\t\t\t<h2 class=\"elementor-heading-title elementor-size-default\">THK Group<\/h2>\t\t\t\t<\/div>\n\t\t\t\t<\/div>\n\t\t\t\t<div class=\"elementor-element elementor-element-13e9406 elementor-invisible elementor-widget elementor-widget-heading\" data-id=\"13e9406\" data-element_type=\"widget\" data-e-type=\"widget\" data-settings=\"{&quot;_animation&quot;:&quot;fadeInUp&quot;,&quot;_animation_delay&quot;:500}\" data-widget_type=\"heading.default\">\n\t\t\t\t<div class=\"elementor-widget-container\">\n\t\t\t\t\t<h2 class=\"elementor-heading-title elementor-size-default\">F\u00fcr ausl\u00e4ndische Kunden<\/h2>\t\t\t\t<\/div>\n\t\t\t\t<\/div>\n\t\t\t\t<\/div>\n\t\t\t\t\t<\/div>\n\t\t\t\t<\/div>\n\t\t<div class=\"elementor-element elementor-element-c15554e e-con-full e-flex e-con e-child\" data-id=\"c15554e\" data-element_type=\"container\" data-e-type=\"container\" data-settings=\"{&quot;background_background&quot;:&quot;classic&quot;}\">\n\t\t<div class=\"elementor-element elementor-element-1901e6c e-con-full colTesto e-flex e-con e-child\" data-id=\"1901e6c\" data-element_type=\"container\" data-e-type=\"container\">\n\t\t\t\t<div class=\"elementor-element elementor-element-bd57d0c elementor-widget-divider--view-line elementor-widget elementor-widget-divider\" data-id=\"bd57d0c\" data-element_type=\"widget\" data-e-type=\"widget\" data-widget_type=\"divider.default\">\n\t\t\t\t<div class=\"elementor-widget-container\">\n\t\t\t\t\t\t\t<div class=\"elementor-divider\">\n\t\t\t<span class=\"elementor-divider-separator\">\n\t\t\t\t\t\t<\/span>\n\t\t<\/div>\n\t\t\t\t\t\t<\/div>\n\t\t\t\t<\/div>\n\t\t\t\t<div class=\"elementor-element elementor-element-bfd9143 elementor-invisible elementor-widget elementor-widget-heading\" data-id=\"bfd9143\" data-element_type=\"widget\" data-e-type=\"widget\" data-settings=\"{&quot;_animation&quot;:&quot;fadeInDown&quot;,&quot;_animation_delay&quot;:250}\" data-widget_type=\"heading.default\">\n\t\t\t\t<div class=\"elementor-widget-container\">\n\t\t\t\t\t<h2 class=\"elementor-heading-title elementor-size-default\">Investieren Sie in Italien mit einem starken<\/h2>\t\t\t\t<\/div>\n\t\t\t\t<\/div>\n\t\t\t\t<div class=\"elementor-element elementor-element-45bdbc8 elementor-invisible elementor-widget elementor-widget-heading\" data-id=\"45bdbc8\" data-element_type=\"widget\" data-e-type=\"widget\" data-settings=\"{&quot;_animation&quot;:&quot;fadeInUp&quot;,&quot;_animation_delay&quot;:500}\" data-widget_type=\"heading.default\">\n\t\t\t\t<div class=\"elementor-widget-container\">\n\t\t\t\t\t<h2 class=\"elementor-heading-title elementor-size-default\">mit einem sicheren<br>Partner<br>an Ihrer Seite<\/h2>\t\t\t\t<\/div>\n\t\t\t\t<\/div>\n\t\t\t\t<div class=\"elementor-element elementor-element-24bf4db elementor-widget__width-initial elementor-widget-mobile__width-inherit elementor-widget elementor-widget-text-editor\" data-id=\"24bf4db\" data-element_type=\"widget\" data-e-type=\"widget\" data-widget_type=\"text-editor.default\">\n\t\t\t\t<div class=\"elementor-widget-container\">\n\t\t\t\t\t\t\t\t\t<p><span style=\"font-weight: 400;\">Italien ist ein Land voller Chancen: ein dynamischer Markt, eine wachsende Wirtschaft und ein Gesch\u00e4ftsumfeld, das Innovation und strategische Weitsicht belohnt. Doch um sich erfolgreich im italienischen Rechts- und Steuersystem zurechtzufinden, brauchen Sie einen erfahrenen Partner, der jede Herausforderung in einen echten Wettbewerbsvorteil verwandeln kann. <\/span><\/p>\t\t\t\t\t\t\t\t<\/div>\n\t\t\t\t<\/div>\n\t\t\t\t<\/div>\n\t\t<div class=\"elementor-element elementor-element-8adf67d e-con-full colFoto e-flex e-con e-child\" data-id=\"8adf67d\" data-element_type=\"container\" data-e-type=\"container\">\n\t\t<div class=\"elementor-element elementor-element-5a0df1e e-grid e-con-full e-con e-child\" data-id=\"5a0df1e\" data-element_type=\"container\" data-e-type=\"container\">\n\t\t<div class=\"elementor-element elementor-element-83adbaa e-con-full e-flex e-con e-child\" data-id=\"83adbaa\" data-element_type=\"container\" data-e-type=\"container\" data-settings=\"{&quot;background_background&quot;:&quot;classic&quot;}\">\n\t\t\t\t<div class=\"elementor-element elementor-element-4c1b372 elementor-hidden-desktop elementor-widget elementor-widget-image\" data-id=\"4c1b372\" data-element_type=\"widget\" data-e-type=\"widget\" data-widget_type=\"image.default\">\n\t\t\t\t<div class=\"elementor-widget-container\">\n\t\t\t\t\t\t\t\t\t\t\t\t\t\t\t<img fetchpriority=\"high\" decoding=\"async\" width=\"800\" height=\"673\" src=\"https:\/\/studiothk.ch\/wp-content\/uploads\/2025\/11\/THK-foto-29-1024x862.webp\" class=\"attachment-large size-large wp-image-1028\" alt=\"\" srcset=\"https:\/\/studiothk.ch\/wp-content\/uploads\/2025\/11\/THK-foto-29-1024x862.webp 1024w, https:\/\/studiothk.ch\/wp-content\/uploads\/2025\/11\/THK-foto-29-300x253.webp 300w, https:\/\/studiothk.ch\/wp-content\/uploads\/2025\/11\/THK-foto-29-768x647.webp 768w, https:\/\/studiothk.ch\/wp-content\/uploads\/2025\/11\/THK-foto-29.webp 1520w\" sizes=\"(max-width: 800px) 100vw, 800px\" \/>\t\t\t\t\t\t\t\t\t\t\t\t\t\t\t<\/div>\n\t\t\t\t<\/div>\n\t\t\t\t<\/div>\n\t\t<div class=\"elementor-element elementor-element-197009a e-con-full e-flex e-con e-child\" data-id=\"197009a\" data-element_type=\"container\" data-e-type=\"container\" data-settings=\"{&quot;background_background&quot;:&quot;classic&quot;}\">\n\t\t\t\t<div class=\"elementor-element elementor-element-ce742b3 elementor-hidden-desktop elementor-widget elementor-widget-image\" data-id=\"ce742b3\" data-element_type=\"widget\" data-e-type=\"widget\" data-widget_type=\"image.default\">\n\t\t\t\t<div class=\"elementor-widget-container\">\n\t\t\t\t\t\t\t\t\t\t\t\t\t\t\t<img decoding=\"async\" width=\"800\" height=\"673\" src=\"https:\/\/studiothk.ch\/wp-content\/uploads\/2025\/11\/THK-foto-2-1024x862.webp\" class=\"attachment-large size-large wp-image-1024\" alt=\"\" srcset=\"https:\/\/studiothk.ch\/wp-content\/uploads\/2025\/11\/THK-foto-2-1024x862.webp 1024w, https:\/\/studiothk.ch\/wp-content\/uploads\/2025\/11\/THK-foto-2-300x253.webp 300w, https:\/\/studiothk.ch\/wp-content\/uploads\/2025\/11\/THK-foto-2-768x647.webp 768w, https:\/\/studiothk.ch\/wp-content\/uploads\/2025\/11\/THK-foto-2.webp 1520w\" sizes=\"(max-width: 800px) 100vw, 800px\" \/>\t\t\t\t\t\t\t\t\t\t\t\t\t\t\t<\/div>\n\t\t\t\t<\/div>\n\t\t\t\t<\/div>\n\t\t\t\t<\/div>\n\t\t\t\t<\/div>\n\t\t\t\t<\/div>\n\t\t<div class=\"elementor-element elementor-element-7ac89ec e-flex e-con-boxed e-con e-parent\" data-id=\"7ac89ec\" data-element_type=\"container\" data-e-type=\"container\" data-settings=\"{&quot;background_background&quot;:&quot;classic&quot;}\">\n\t\t\t\t\t<div class=\"e-con-inner\">\n\t\t\t\t<div class=\"elementor-element elementor-element-583feb5 elementor-widget elementor-widget-image\" data-id=\"583feb5\" data-element_type=\"widget\" data-e-type=\"widget\" data-widget_type=\"image.default\">\n\t\t\t\t<div class=\"elementor-widget-container\">\n\t\t\t\t\t\t\t\t\t\t\t\t\t\t\t<img decoding=\"async\" width=\"800\" height=\"209\" src=\"https:\/\/studiothk.ch\/wp-content\/uploads\/2025\/03\/studio-thk-italy-skyline2-1024x267.webp\" class=\"attachment-large size-large wp-image-581\" alt=\"\" srcset=\"https:\/\/studiothk.ch\/wp-content\/uploads\/2025\/03\/studio-thk-italy-skyline2-1024x267.webp 1024w, https:\/\/studiothk.ch\/wp-content\/uploads\/2025\/03\/studio-thk-italy-skyline2-300x78.webp 300w, https:\/\/studiothk.ch\/wp-content\/uploads\/2025\/03\/studio-thk-italy-skyline2-768x200.webp 768w, https:\/\/studiothk.ch\/wp-content\/uploads\/2025\/03\/studio-thk-italy-skyline2-1536x400.webp 1536w, https:\/\/studiothk.ch\/wp-content\/uploads\/2025\/03\/studio-thk-italy-skyline2.webp 1920w\" sizes=\"(max-width: 800px) 100vw, 800px\" \/>\t\t\t\t\t\t\t\t\t\t\t\t\t\t\t<\/div>\n\t\t\t\t<\/div>\n\t\t\t\t\t<\/div>\n\t\t\t\t<\/div>\n\t\t<div class=\"elementor-element elementor-element-dbd08d4 e-flex e-con-boxed e-con e-parent\" data-id=\"dbd08d4\" data-element_type=\"container\" data-e-type=\"container\" data-settings=\"{&quot;background_background&quot;:&quot;classic&quot;}\">\n\t\t\t\t\t<div class=\"e-con-inner\">\n\t\t\t\t<div class=\"elementor-element elementor-element-31e30f4 elementor-widget__width-initial elementor-widget-mobile__width-inherit elementor-widget elementor-widget-text-editor\" data-id=\"31e30f4\" data-element_type=\"widget\" data-e-type=\"widget\" data-widget_type=\"text-editor.default\">\n\t\t\t\t<div class=\"elementor-widget-container\">\n\t\t\t\t\t\t\t\t\t<p><span style=\"font-weight: 400;\">Unser Unternehmen begleitet ausl\u00e4ndische Investoren und Unternehmen in jeder Phase ihres Markteintritts in Italien \u2013 von der Gr\u00fcndung einer Gesellschaft bis hin zur laufenden Verwaltung steuerlicher, buchhalterischer und rechtlicher Aspekte. Wir \u00fcbernehmen alle notwendigen Formalit\u00e4ten f\u00fcr die Er\u00f6ffnung einer Niederlassung oder Tochtergesellschaft, optimieren die rechtliche und steuerliche Struktur, um Effizienz und Compliance sicherzustellen. Unsere Dienstleistungen umfassen: Buchhaltung und Steuerpflichten ( vollst\u00e4ndige Verwaltung der steuerlichen und finanziellen Anforderungen).<br>Arbeitsrechtliche Beratung und Personalverwaltung (Unterst\u00fctzung in allen arbeitsrechtlichen und administrativen Belangen).<br>Internationale Besteuerung ( Vermeidung von Doppelbesteuerung und Optimierung der Steuerlast).<br>Gesch\u00e4ftsbeziehungen in Italien (Aufbau starker Partnerschaften mit lokalen Kunden, Lieferanten und Gesch\u00e4ftspartnern).<br>Vereinfachung grenz\u00fcberschreitender Transaktionen ( Unterst\u00fctzung bei der Vertragsgestaltung und operativen Abwicklung).   <\/span><\/p>\t\t\t\t\t\t\t\t<\/div>\n\t\t\t\t<\/div>\n\t\t\t\t\t<\/div>\n\t\t\t\t<\/div>\n\t\t<div class=\"elementor-element elementor-element-6cd89c2 e-flex e-con-boxed e-con e-child\" data-id=\"6cd89c2\" data-element_type=\"container\" data-e-type=\"container\">\n\t\t\t\t\t<div class=\"e-con-inner\">\n\t\t\t\t<div class=\"elementor-element elementor-element-4bb0cb3 elementor-widget__width-initial elementor-widget-mobile__width-inherit elementor-widget elementor-widget-text-editor\" data-id=\"4bb0cb3\" data-element_type=\"widget\" data-e-type=\"widget\" data-widget_type=\"text-editor.default\">\n\t\t\t\t<div class=\"elementor-widget-container\">\n\t\t\t\t\t\t\t\t\t<p><span style=\"font-weight: 400;\">Von der Unternehmensgr\u00fcndung bis zum laufenden Gesch\u00e4ftsbetrieb sind wir Ihr verl\u00e4sslicher Ansprechpartner, damit Sie sich auf das Wesentliche konzentrieren k\u00f6nnen:<\/span> <b>das Wachstum Ihres Unternehmens auf einem der strategisch wichtigsten M\u00e4rkte Europas.<\/b><span style=\"font-weight: 400;\">. Wenn Sie sich f\u00fcr uns entscheiden, k\u00f6nnen Sie sich auf ein Team von Fachleuten verlassen, die Ihre Sprache sprechen, Ihre Bed\u00fcrfnisse verstehen und Sie mit Kompetenz und Weitblick begleiten.<\/span><\/p>\t\t\t\t\t\t\t\t<\/div>\n\t\t\t\t<\/div>\n\t\t\t\t<div class=\"elementor-element elementor-element-d1558c6 elementor-invisible elementor-widget elementor-widget-heading\" data-id=\"d1558c6\" data-element_type=\"widget\" data-e-type=\"widget\" data-settings=\"{&quot;_animation&quot;:&quot;fadeInDown&quot;,&quot;_animation_delay&quot;:250}\" data-widget_type=\"heading.default\">\n\t\t\t\t<div class=\"elementor-widget-container\">\n\t\t\t\t\t<h2 class=\"elementor-heading-title elementor-size-default\">Italien erwartet Sie<\/h2>\t\t\t\t<\/div>\n\t\t\t\t<\/div>\n\t\t\t\t<div class=\"elementor-element elementor-element-00670f7 elementor-invisible elementor-widget elementor-widget-heading\" data-id=\"00670f7\" data-element_type=\"widget\" data-e-type=\"widget\" data-settings=\"{&quot;_animation&quot;:&quot;fadeInUp&quot;,&quot;_animation_delay&quot;:500}\" data-widget_type=\"heading.default\">\n\t\t\t\t<div class=\"elementor-widget-container\">\n\t\t\t\t\t<h2 class=\"elementor-heading-title elementor-size-default\">Wir stehen bereit, Sie auf Ihrem Weg zum Erfolg zu begleiten<\/h2>\t\t\t\t<\/div>\n\t\t\t\t<\/div>\n\t\t\t\t\t<\/div>\n\t\t\t\t<\/div>\n\t\t\t\t<\/div>\n\t\t","protected":false},"excerpt":{"rendered":"<p>THK Group Investieren Sie in Italien mit einem starken mit einem sicherenPartneran Ihrer Seite Italien ist ein Land voller Chancen: ein dynamischer Markt, eine wachsende Wirtschaft und ein Gesch\u00e4ftsumfeld, das Innovation und strategische Weitsicht belohnt. Doch um sich erfolgreich im italienischen Rechts- und Steuersystem zurechtzufinden, brauchen Sie einen erfahrenen Partner, der jede Herausforderung in einen [&hellip;]<\/p>\n","protected":false},"author":2,"featured_media":0,"parent":0,"menu_order":0,"comment_status":"closed","ping_status":"closed","template":"","meta":{"footnotes":""},"class_list":["post-664","page","type-page","status-publish","hentry"],"yoast_head":"<!-- This site is optimized with the Yoast SEO plugin v27.5 - https:\/\/yoast.com\/product\/yoast-seo-wordpress\/ -->\n<title>F\u00fcr ausl\u00e4ndische Kunden - THK Group<\/title>\n<meta name=\"robots\" content=\"index, follow, max-snippet:-1, max-image-preview:large, max-video-preview:-1\" \/>\n<link rel=\"canonical\" href=\"https:\/\/studiothk.ch\/de\/fuer-auslaendische-kunden\/\" \/>\n<meta property=\"og:locale\" content=\"de_DE\" \/>\n<meta property=\"og:type\" content=\"article\" \/>\n<meta property=\"og:title\" content=\"F\u00fcr ausl\u00e4ndische Kunden - THK Group\" \/>\n<meta property=\"og:description\" content=\"THK Group Investieren Sie in Italien mit einem starken mit einem sicherenPartneran Ihrer Seite Italien ist ein Land voller Chancen: ein dynamischer Markt, eine wachsende Wirtschaft und ein Gesch\u00e4ftsumfeld, das Innovation und strategische Weitsicht belohnt. Doch um sich erfolgreich im italienischen Rechts- und Steuersystem zurechtzufinden, brauchen Sie einen erfahrenen Partner, der jede Herausforderung in einen [&hellip;]\" \/>\n<meta property=\"og:url\" content=\"https:\/\/studiothk.ch\/de\/fuer-auslaendische-kunden\/\" \/>\n<meta property=\"og:site_name\" content=\"THK Group\" \/>\n<meta property=\"article:modified_time\" content=\"2025-12-02T09:58:43+00:00\" \/>\n<meta property=\"og:image\" content=\"https:\/\/studiothk.ch\/wp-content\/uploads\/2025\/11\/THK-foto-29.webp\" \/>\n\t<meta property=\"og:image:width\" content=\"1520\" \/>\n\t<meta property=\"og:image:height\" content=\"1280\" \/>\n\t<meta property=\"og:image:type\" content=\"image\/webp\" \/>\n<meta name=\"twitter:card\" content=\"summary_large_image\" \/>\n<meta name=\"twitter:label1\" content=\"Gesch\u00e4tzte Lesezeit\" \/>\n\t<meta name=\"twitter:data1\" content=\"1\u00a0Minute\" \/>\n<script type=\"application\/ld+json\" class=\"yoast-schema-graph\">{\"@context\":\"https:\\\/\\\/schema.org\",\"@graph\":[{\"@type\":\"WebPage\",\"@id\":\"https:\\\/\\\/studiothk.ch\\\/de\\\/fuer-auslaendische-kunden\\\/\",\"url\":\"https:\\\/\\\/studiothk.ch\\\/de\\\/fuer-auslaendische-kunden\\\/\",\"name\":\"F\u00fcr ausl\u00e4ndische Kunden - THK Group\",\"isPartOf\":{\"@id\":\"https:\\\/\\\/studiothk.ch\\\/de\\\/#website\"},\"primaryImageOfPage\":{\"@id\":\"https:\\\/\\\/studiothk.ch\\\/de\\\/fuer-auslaendische-kunden\\\/#primaryimage\"},\"image\":{\"@id\":\"https:\\\/\\\/studiothk.ch\\\/de\\\/fuer-auslaendische-kunden\\\/#primaryimage\"},\"thumbnailUrl\":\"https:\\\/\\\/studiothk.ch\\\/wp-content\\\/uploads\\\/2025\\\/11\\\/THK-foto-29-1024x862.webp\",\"datePublished\":\"2025-03-05T09:52:19+00:00\",\"dateModified\":\"2025-12-02T09:58:43+00:00\",\"breadcrumb\":{\"@id\":\"https:\\\/\\\/studiothk.ch\\\/de\\\/fuer-auslaendische-kunden\\\/#breadcrumb\"},\"inLanguage\":\"de\",\"potentialAction\":[{\"@type\":\"ReadAction\",\"target\":[\"https:\\\/\\\/studiothk.ch\\\/de\\\/fuer-auslaendische-kunden\\\/\"]}]},{\"@type\":\"ImageObject\",\"inLanguage\":\"de\",\"@id\":\"https:\\\/\\\/studiothk.ch\\\/de\\\/fuer-auslaendische-kunden\\\/#primaryimage\",\"url\":\"https:\\\/\\\/studiothk.ch\\\/wp-content\\\/uploads\\\/2025\\\/11\\\/THK-foto-29-1024x862.webp\",\"contentUrl\":\"https:\\\/\\\/studiothk.ch\\\/wp-content\\\/uploads\\\/2025\\\/11\\\/THK-foto-29-1024x862.webp\"},{\"@type\":\"BreadcrumbList\",\"@id\":\"https:\\\/\\\/studiothk.ch\\\/de\\\/fuer-auslaendische-kunden\\\/#breadcrumb\",\"itemListElement\":[{\"@type\":\"ListItem\",\"position\":1,\"name\":\"Home\",\"item\":\"https:\\\/\\\/studiothk.ch\\\/de\\\/\"},{\"@type\":\"ListItem\",\"position\":2,\"name\":\"F\u00fcr ausl\u00e4ndische Kunden\"}]},{\"@type\":\"WebSite\",\"@id\":\"https:\\\/\\\/studiothk.ch\\\/de\\\/#website\",\"url\":\"https:\\\/\\\/studiothk.ch\\\/de\\\/\",\"name\":\"THK Group\",\"description\":\"L\u2019unione di competenze al vostro servizio\",\"publisher\":{\"@id\":\"https:\\\/\\\/studiothk.ch\\\/de\\\/#organization\"},\"potentialAction\":[{\"@type\":\"SearchAction\",\"target\":{\"@type\":\"EntryPoint\",\"urlTemplate\":\"https:\\\/\\\/studiothk.ch\\\/de\\\/?s={search_term_string}\"},\"query-input\":{\"@type\":\"PropertyValueSpecification\",\"valueRequired\":true,\"valueName\":\"search_term_string\"}}],\"inLanguage\":\"de\"},{\"@type\":\"Organization\",\"@id\":\"https:\\\/\\\/studiothk.ch\\\/de\\\/#organization\",\"name\":\"THK Group\",\"url\":\"https:\\\/\\\/studiothk.ch\\\/de\\\/\",\"logo\":{\"@type\":\"ImageObject\",\"inLanguage\":\"de\",\"@id\":\"https:\\\/\\\/studiothk.ch\\\/de\\\/#\\\/schema\\\/logo\\\/image\\\/\",\"url\":\"https:\\\/\\\/studiothk.ch\\\/wp-content\\\/uploads\\\/2025\\\/03\\\/cropped-Logo-THK-redesign-2025-1.webp\",\"contentUrl\":\"https:\\\/\\\/studiothk.ch\\\/wp-content\\\/uploads\\\/2025\\\/03\\\/cropped-Logo-THK-redesign-2025-1.webp\",\"width\":512,\"height\":512,\"caption\":\"THK Group\"},\"image\":{\"@id\":\"https:\\\/\\\/studiothk.ch\\\/de\\\/#\\\/schema\\\/logo\\\/image\\\/\"}}]}<\/script>\n<!-- \/ Yoast SEO plugin. -->","yoast_head_json":{"title":"F\u00fcr ausl\u00e4ndische Kunden - THK Group","robots":{"index":"index","follow":"follow","max-snippet":"max-snippet:-1","max-image-preview":"max-image-preview:large","max-video-preview":"max-video-preview:-1"},"canonical":"https:\/\/studiothk.ch\/de\/fuer-auslaendische-kunden\/","og_locale":"de_DE","og_type":"article","og_title":"F\u00fcr ausl\u00e4ndische Kunden - THK Group","og_description":"THK Group Investieren Sie in Italien mit einem starken mit einem sicherenPartneran Ihrer Seite Italien ist ein Land voller Chancen: ein dynamischer Markt, eine wachsende Wirtschaft und ein Gesch\u00e4ftsumfeld, das Innovation und strategische Weitsicht belohnt. Doch um sich erfolgreich im italienischen Rechts- und Steuersystem zurechtzufinden, brauchen Sie einen erfahrenen Partner, der jede Herausforderung in einen [&hellip;]","og_url":"https:\/\/studiothk.ch\/de\/fuer-auslaendische-kunden\/","og_site_name":"THK Group","article_modified_time":"2025-12-02T09:58:43+00:00","og_image":[{"width":1520,"height":1280,"url":"https:\/\/studiothk.ch\/wp-content\/uploads\/2025\/11\/THK-foto-29.webp","type":"image\/webp"}],"twitter_card":"summary_large_image","twitter_misc":{"Gesch\u00e4tzte Lesezeit":"1\u00a0Minute"},"schema":{"@context":"https:\/\/schema.org","@graph":[{"@type":"WebPage","@id":"https:\/\/studiothk.ch\/de\/fuer-auslaendische-kunden\/","url":"https:\/\/studiothk.ch\/de\/fuer-auslaendische-kunden\/","name":"F\u00fcr ausl\u00e4ndische Kunden - THK Group","isPartOf":{"@id":"https:\/\/studiothk.ch\/de\/#website"},"primaryImageOfPage":{"@id":"https:\/\/studiothk.ch\/de\/fuer-auslaendische-kunden\/#primaryimage"},"image":{"@id":"https:\/\/studiothk.ch\/de\/fuer-auslaendische-kunden\/#primaryimage"},"thumbnailUrl":"https:\/\/studiothk.ch\/wp-content\/uploads\/2025\/11\/THK-foto-29-1024x862.webp","datePublished":"2025-03-05T09:52:19+00:00","dateModified":"2025-12-02T09:58:43+00:00","breadcrumb":{"@id":"https:\/\/studiothk.ch\/de\/fuer-auslaendische-kunden\/#breadcrumb"},"inLanguage":"de","potentialAction":[{"@type":"ReadAction","target":["https:\/\/studiothk.ch\/de\/fuer-auslaendische-kunden\/"]}]},{"@type":"ImageObject","inLanguage":"de","@id":"https:\/\/studiothk.ch\/de\/fuer-auslaendische-kunden\/#primaryimage","url":"https:\/\/studiothk.ch\/wp-content\/uploads\/2025\/11\/THK-foto-29-1024x862.webp","contentUrl":"https:\/\/studiothk.ch\/wp-content\/uploads\/2025\/11\/THK-foto-29-1024x862.webp"},{"@type":"BreadcrumbList","@id":"https:\/\/studiothk.ch\/de\/fuer-auslaendische-kunden\/#breadcrumb","itemListElement":[{"@type":"ListItem","position":1,"name":"Home","item":"https:\/\/studiothk.ch\/de\/"},{"@type":"ListItem","position":2,"name":"F\u00fcr ausl\u00e4ndische Kunden"}]},{"@type":"WebSite","@id":"https:\/\/studiothk.ch\/de\/#website","url":"https:\/\/studiothk.ch\/de\/","name":"THK Group","description":"L\u2019unione di competenze al vostro servizio","publisher":{"@id":"https:\/\/studiothk.ch\/de\/#organization"},"potentialAction":[{"@type":"SearchAction","target":{"@type":"EntryPoint","urlTemplate":"https:\/\/studiothk.ch\/de\/?s={search_term_string}"},"query-input":{"@type":"PropertyValueSpecification","valueRequired":true,"valueName":"search_term_string"}}],"inLanguage":"de"},{"@type":"Organization","@id":"https:\/\/studiothk.ch\/de\/#organization","name":"THK Group","url":"https:\/\/studiothk.ch\/de\/","logo":{"@type":"ImageObject","inLanguage":"de","@id":"https:\/\/studiothk.ch\/de\/#\/schema\/logo\/image\/","url":"https:\/\/studiothk.ch\/wp-content\/uploads\/2025\/03\/cropped-Logo-THK-redesign-2025-1.webp","contentUrl":"https:\/\/studiothk.ch\/wp-content\/uploads\/2025\/03\/cropped-Logo-THK-redesign-2025-1.webp","width":512,"height":512,"caption":"THK Group"},"image":{"@id":"https:\/\/studiothk.ch\/de\/#\/schema\/logo\/image\/"}}]}},"_links":{"self":[{"href":"https:\/\/studiothk.ch\/de\/wp-json\/wp\/v2\/pages\/664","targetHints":{"allow":["GET"]}}],"collection":[{"href":"https:\/\/studiothk.ch\/de\/wp-json\/wp\/v2\/pages"}],"about":[{"href":"https:\/\/studiothk.ch\/de\/wp-json\/wp\/v2\/types\/page"}],"author":[{"embeddable":true,"href":"https:\/\/studiothk.ch\/de\/wp-json\/wp\/v2\/users\/2"}],"replies":[{"embeddable":true,"href":"https:\/\/studiothk.ch\/de\/wp-json\/wp\/v2\/comments?post=664"}],"version-history":[{"count":2,"href":"https:\/\/studiothk.ch\/de\/wp-json\/wp\/v2\/pages\/664\/revisions"}],"predecessor-version":[{"id":1074,"href":"https:\/\/studiothk.ch\/de\/wp-json\/wp\/v2\/pages\/664\/revisions\/1074"}],"wp:attachment":[{"href":"https:\/\/studiothk.ch\/de\/wp-json\/wp\/v2\/media?parent=664"}],"curies":[{"name":"wp","href":"https:\/\/api.w.org\/{rel}","templated":true}]}}